{"id":1833,"date":"2023-01-27T13:20:21","date_gmt":"2023-01-27T12:20:21","guid":{"rendered":"https:\/\/the-good-experience.com\/legal-notices\/"},"modified":"2024-02-13T16:04:43","modified_gmt":"2024-02-13T15:04:43","slug":"legal-notices","status":"publish","type":"page","link":"https:\/\/the-good-experience.com\/en\/legal-notices\/","title":{"rendered":"Legal notices"},"content":{"rendered":"\n<p class=\"has-small-font-size\">The use of this site expresses your consent to the conditions of use thereof.<\/p>\n\n<p class=\"has-small-font-size\">The content of this site (including data, information, illustrations, etc. &#8230;) is protected by copyright and other intellectual property rights.<br\/>Any reproduction or total or partial representation of this site by any means whatsoever, without express permission, is prohibited and constitutes an infringement punishable by articles L.335-2 and following of the French Code of Intellectual Property.<br\/>Toute reproduction totale ou partielle des logos, images, scripts, code HTML, balises meta effectu\u00e9e \u00e0 partir des \u00e9l\u00e9ments du site sans l\u2019autorisation expresse de The Good Experience est prohib\u00e9e au sens de l&#8217;article L.713-2 du Code de la propri\u00e9t\u00e9 intellectuelle.<\/p>\n\n<p class=\"has-small-font-size\">Any copy, reproduction, diffusion, complete or partial, of the content of the site by any process whatsoever is unlawful except for a single copy on a single computer and reserved for the exclusively private use of the copyist.<br\/>The elements presented in this site are subject to change without notice and are made available without any warranty, express or implied, of any kind and can not give rise to any right to compensation.<\/p>\n\n<p class=\"has-small-font-size\">The user can also, for legitimate reasons, oppose the processing of data concerning him <br\/>and write directly to The Good Experience at this adress :<br\/>The Good Experience &#8211; 108, avenue Henri Barbusse &#8211; 92600 Asni\u00e8res-sur-Seine<\/p>\n\n<p class=\"has-small-font-size\">The user will find information on his rights and duties and on the protection of individual data on the website of the Commission Nationale Informatique et Libert\u00e9s <a href=\"http:\/\/www.cnil.fr\/\">http:\/\/www.cnil.fr\/<br\/><\/a><br\/>This site uses Google reCaptcha to fight against spam. <a href=\"https:\/\/policies.google.com\/privacy\">Politique de confidentialit\u00e9<\/a> \/ <a href=\"https:\/\/policies.google.com\/terms\">Conditions d&#8217;utilisation<\/a><\/p>\n\n<p class=\"has-small-font-size\">Design \/ Production &#8211; Claude B\u00e9nard &#8211; Blockmark &#8211; <a href=\"https:\/\/blockmark.fr\/\">www.blockmark.fr<\/a><\/p>\n","protected":false},"excerpt":{"rendered":"<p>The use of this site expresses your consent to the conditions of use thereof. The content of this site (including data, information, illustrations, etc. &#8230;) is protected by copyright and other intellectual property rights.Any reproduction or total or partial representation of this site by any means whatsoever, without express permission, is prohibited and constitutes an [&hellip;]<\/p>\n","protected":false},"author":1,"featured_media":0,"parent":0,"menu_order":0,"comment_status":"closed","ping_status":"closed","template":"","meta":{"footnotes":""},"acf":[],"yoast_head":"<!-- This site is optimized with the Yoast SEO plugin v22.0 - https:\/\/yoast.com\/wordpress\/plugins\/seo\/ -->\n<title>Legal notices - The Good Booth Company<\/title>\n<meta name=\"robots\" content=\"index, follow, max-snippet:-1, max-image-preview:large, max-video-preview:-1\" \/>\n<link rel=\"canonical\" href=\"https:\/\/the-good-experience.com\/en\/legal-notices\/\" \/>\n<meta property=\"og:locale\" content=\"en_US\" \/>\n<meta property=\"og:type\" content=\"article\" \/>\n<meta property=\"og:title\" content=\"Legal notices - The Good Booth Company\" \/>\n<meta property=\"og:description\" content=\"The use of this site expresses your consent to the conditions of use thereof. The content of this site (including data, information, illustrations, etc. &#8230;) is protected by copyright and other intellectual property rights.Any reproduction or total or partial representation of this site by any means whatsoever, without express permission, is prohibited and constitutes an [&hellip;]\" \/>\n<meta property=\"og:url\" content=\"https:\/\/the-good-experience.com\/en\/legal-notices\/\" \/>\n<meta property=\"og:site_name\" content=\"The Good Booth Company\" \/>\n<meta property=\"article:modified_time\" content=\"2024-02-13T15:04:43+00:00\" \/>\n<meta name=\"twitter:card\" content=\"summary_large_image\" \/>\n<meta name=\"twitter:label1\" content=\"Est. reading time\" \/>\n\t<meta name=\"twitter:data1\" content=\"2 minutes\" \/>\n<script type=\"application\/ld+json\" class=\"yoast-schema-graph\">{\"@context\":\"https:\/\/schema.org\",\"@graph\":[{\"@type\":\"WebPage\",\"@id\":\"https:\/\/the-good-experience.com\/en\/legal-notices\/\",\"url\":\"https:\/\/the-good-experience.com\/en\/legal-notices\/\",\"name\":\"Legal notices - The Good Booth Company\",\"isPartOf\":{\"@id\":\"https:\/\/the-good-experience.com\/en\/#website\"},\"datePublished\":\"2023-01-27T12:20:21+00:00\",\"dateModified\":\"2024-02-13T15:04:43+00:00\",\"inLanguage\":\"en-US\",\"potentialAction\":[{\"@type\":\"ReadAction\",\"target\":[\"https:\/\/the-good-experience.com\/en\/legal-notices\/\"]}]},{\"@type\":\"WebSite\",\"@id\":\"https:\/\/the-good-experience.com\/en\/#website\",\"url\":\"https:\/\/the-good-experience.com\/en\/\",\"name\":\"The Good Booth Company\",\"description\":\"Exposer comme vous voulez, sans polluer\",\"potentialAction\":[{\"@type\":\"SearchAction\",\"target\":{\"@type\":\"EntryPoint\",\"urlTemplate\":\"https:\/\/the-good-experience.com\/en\/?s={search_term_string}\"},\"query-input\":\"required name=search_term_string\"}],\"inLanguage\":\"en-US\"}]}<\/script>\n<!-- \/ Yoast SEO plugin. -->","yoast_head_json":{"title":"Legal notices - The Good Booth Company","robots":{"index":"index","follow":"follow","max-snippet":"max-snippet:-1","max-image-preview":"max-image-preview:large","max-video-preview":"max-video-preview:-1"},"canonical":"https:\/\/the-good-experience.com\/en\/legal-notices\/","og_locale":"en_US","og_type":"article","og_title":"Legal notices - The Good Booth Company","og_description":"The use of this site expresses your consent to the conditions of use thereof. The content of this site (including data, information, illustrations, etc. &#8230;) is protected by copyright and other intellectual property rights.Any reproduction or total or partial representation of this site by any means whatsoever, without express permission, is prohibited and constitutes an [&hellip;]","og_url":"https:\/\/the-good-experience.com\/en\/legal-notices\/","og_site_name":"The Good Booth Company","article_modified_time":"2024-02-13T15:04:43+00:00","twitter_card":"summary_large_image","twitter_misc":{"Est. reading time":"2 minutes"},"schema":{"@context":"https:\/\/schema.org","@graph":[{"@type":"WebPage","@id":"https:\/\/the-good-experience.com\/en\/legal-notices\/","url":"https:\/\/the-good-experience.com\/en\/legal-notices\/","name":"Legal notices - The Good Booth Company","isPartOf":{"@id":"https:\/\/the-good-experience.com\/en\/#website"},"datePublished":"2023-01-27T12:20:21+00:00","dateModified":"2024-02-13T15:04:43+00:00","inLanguage":"en-US","potentialAction":[{"@type":"ReadAction","target":["https:\/\/the-good-experience.com\/en\/legal-notices\/"]}]},{"@type":"WebSite","@id":"https:\/\/the-good-experience.com\/en\/#website","url":"https:\/\/the-good-experience.com\/en\/","name":"The Good Booth Company","description":"Exposer comme vous voulez, sans polluer","potentialAction":[{"@type":"SearchAction","target":{"@type":"EntryPoint","urlTemplate":"https:\/\/the-good-experience.com\/en\/?s={search_term_string}"},"query-input":"required name=search_term_string"}],"inLanguage":"en-US"}]}},"_links":{"self":[{"href":"https:\/\/the-good-experience.com\/en\/wp-json\/wp\/v2\/pages\/1833"}],"collection":[{"href":"https:\/\/the-good-experience.com\/en\/wp-json\/wp\/v2\/pages"}],"about":[{"href":"https:\/\/the-good-experience.com\/en\/wp-json\/wp\/v2\/types\/page"}],"author":[{"embeddable":true,"href":"https:\/\/the-good-experience.com\/en\/wp-json\/wp\/v2\/users\/1"}],"replies":[{"embeddable":true,"href":"https:\/\/the-good-experience.com\/en\/wp-json\/wp\/v2\/comments?post=1833"}],"version-history":[{"count":3,"href":"https:\/\/the-good-experience.com\/en\/wp-json\/wp\/v2\/pages\/1833\/revisions"}],"predecessor-version":[{"id":3705,"href":"https:\/\/the-good-experience.com\/en\/wp-json\/wp\/v2\/pages\/1833\/revisions\/3705"}],"wp:attachment":[{"href":"https:\/\/the-good-experience.com\/en\/wp-json\/wp\/v2\/media?parent=1833"}],"curies":[{"name":"wp","href":"https:\/\/api.w.org\/{rel}","templated":true}]}}